{"id":1405,"date":"2023-10-27T23:28:49","date_gmt":"2023-10-27T23:28:49","guid":{"rendered":"https:\/\/cqcorporate.nyamga.com\/?page_id=1405"},"modified":"2024-07-12T10:59:31","modified_gmt":"2024-07-12T08:59:31","slug":"references","status":"publish","type":"page","link":"https:\/\/cqcorporatefashion.ch\/en\/references\/","title":{"rendered":"References"},"content":{"rendered":"<div data-elementor-type=\"wp-page\" data-elementor-id=\"1405\" class=\"elementor elementor-1405\">\n\t\t\t\t<div class=\"elementor-element elementor-element-f0f8374 e-flex e-con-boxed e-con e-parent\" data-id=\"f0f8374\" data-element_type=\"container\" data-e-type=\"container\" data-settings=\"{&quot;background_background&quot;:&quot;classic&quot;}\">\n\t\t\t\t\t<div class=\"e-con-inner\">\n\t\t\t\t<div class=\"elementor-element elementor-element-6728664 elementor-widget__width-initial elementor-widget elementor-widget-heading\" data-id=\"6728664\" data-element_type=\"widget\" data-e-type=\"widget\" data-widget_type=\"heading.default\">\n\t\t\t\t<div class=\"elementor-widget-container\">\n\t\t\t\t\t<h2 class=\"elementor-heading-title elementor-size-default\">\n\n<\/h2>\t\t\t\t<\/div>\n\t\t\t\t<\/div>\n\t\t\t\t\t<\/div>\n\t\t\t\t<\/div>\n\t\t<div class=\"elementor-element elementor-element-d74a150 e-flex e-con-boxed e-con e-parent\" data-id=\"d74a150\" data-element_type=\"container\" data-e-type=\"container\">\n\t\t\t\t\t<div class=\"e-con-inner\">\n\t\t\t\t<div class=\"elementor-element elementor-element-a5d190a elementor-widget elementor-widget-spacer\" data-id=\"a5d190a\" data-element_type=\"widget\" data-e-type=\"widget\" data-widget_type=\"spacer.default\">\n\t\t\t\t<div class=\"elementor-widget-container\">\n\t\t\t\t\t\t\t<div class=\"elementor-spacer\">\n\t\t\t<div class=\"elementor-spacer-inner\"><\/div>\n\t\t<\/div>\n\t\t\t\t\t\t<\/div>\n\t\t\t\t<\/div>\n\t\t\t\t\t<\/div>\n\t\t\t\t<\/div>\n\t\t<div class=\"elementor-element elementor-element-cdc09f4 e-con-full e-flex e-con e-parent\" data-id=\"cdc09f4\" data-element_type=\"container\" data-e-type=\"container\">\n\t\t<div class=\"elementor-element elementor-element-4fb6605 e-con-full e-flex e-con e-child\" data-id=\"4fb6605\" data-element_type=\"container\" data-e-type=\"container\">\n\t\t<a class=\"elementor-element elementor-element-e5352be e-con-full e-flex elementor-invisible e-con e-child\" data-id=\"e5352be\" data-element_type=\"container\" data-e-type=\"container\" data-settings=\"{&quot;background_background&quot;:&quot;classic&quot;,&quot;animation&quot;:&quot;fadeInLeft&quot;}\" href=\"https:\/\/cqcorporatefashion.ch\/en\/business-corporate-fashion\/\">\n\t\t\t\t<div class=\"elementor-element elementor-element-d845202 elementor-widget elementor-widget-sina_flip_box\" data-id=\"d845202\" data-element_type=\"widget\" data-e-type=\"widget\" data-widget_type=\"sina_flip_box.default\">\n\t\t\t\t<div class=\"elementor-widget-container\">\n\t\t\t\t\t\t\t<div class=\"sina-flipbox\">\r\n\t\t\t<div class=\"sina-flipbox-front sina-flipbox-effect-zoom\">\r\n\t\t\t\t\t\t\t\t\t<div class=\"sina-flipbox-icon\">\r\n\t\t\t\t\t\t<i class=\"icofont icofont-search-1\"><\/i>\r\n\t\t\t\t\t<\/div>\r\n\t\t\t\t\r\n\t\t\t\t<div class=\"sina-flipbox-content\">\r\n\t\t\t\t\t\r\n\t\t\t\t\t\t\t\t\t<\/div>\r\n\t\t\t<\/div>\r\n\t\t\t<div class=\"sina-flipbox-back sina-flipbox-effect-zoom\">\r\n\t\t\t\t\t\t\t\t\t<div class=\"sina-flipbox-icon\">\r\n\t\t\t\t\t\t<i class=\"fa fa-plus\"><\/i>\r\n\t\t\t\t\t<\/div>\r\n\t\t\t\t\r\n\t\t\t\t<div class=\"sina-flipbox-content\">\r\n\t\t\t\t\t\t\t\t\t\t\t<h3 class=\"sina-flipbox-title\">\r\n\t\t\t\t\t\t\t\t\t\t\t\t\t\t\tElevate Your Business Image With <br>Tailored Corporate Clothing\t\t\t\t\t\t\t\t\t\t\t\t\t<\/h3>\r\n\t\t\t\t\t\r\n\t\t\t\t\t\t\t\t\t\t\t<div class=\"sina-flipbox-desc\">We understand that Clothing for Business goes beyond mere appearances; it's about creating a cohesive and empowering image that reflects your company's unique identity.<\/div>\t\t\t\t\t\t\t\t\t<\/div>\r\n\t\t\t<\/div>\r\n\t\t<\/div><!-- .sina-flipbox -->\r\n\t\t\t\t\t\t<\/div>\n\t\t\t\t<\/div>\n\t\t\t\t<\/a>\n\t\t<a class=\"elementor-element elementor-element-f68f213 e-con-full e-flex e-con e-child\" data-id=\"f68f213\" data-element_type=\"container\" data-e-type=\"container\" data-settings=\"{&quot;background_background&quot;:&quot;classic&quot;}\" href=\"https:\/\/cqcorporatefashion.ch\/en\/sportive-functional-corporate-fashion\/\">\n\t\t\t\t<div class=\"elementor-element elementor-element-bd6e13f elementor-invisible elementor-widget elementor-widget-sina_flip_box\" data-id=\"bd6e13f\" data-element_type=\"widget\" data-e-type=\"widget\" data-settings=\"{&quot;_animation&quot;:&quot;fadeInRight&quot;,&quot;_animation_delay&quot;:500}\" data-widget_type=\"sina_flip_box.default\">\n\t\t\t\t<div class=\"elementor-widget-container\">\n\t\t\t\t\t\t\t<div class=\"sina-flipbox\">\r\n\t\t\t<div class=\"sina-flipbox-front sina-flipbox-effect-zoom\">\r\n\t\t\t\t\t\t\t\t\t<div class=\"sina-flipbox-icon\">\r\n\t\t\t\t\t\t<i class=\"icofont icofont-search-1\"><\/i>\r\n\t\t\t\t\t<\/div>\r\n\t\t\t\t\r\n\t\t\t\t<div class=\"sina-flipbox-content\">\r\n\t\t\t\t\t\r\n\t\t\t\t\t\t\t\t\t<\/div>\r\n\t\t\t<\/div>\r\n\t\t\t<div class=\"sina-flipbox-back sina-flipbox-effect-zoom\">\r\n\t\t\t\t\t\t\t\t\t<div class=\"sina-flipbox-icon\">\r\n\t\t\t\t\t\t<i class=\"fa fa-plus\"><\/i>\r\n\t\t\t\t\t<\/div>\r\n\t\t\t\t\r\n\t\t\t\t<div class=\"sina-flipbox-content\">\r\n\t\t\t\t\t\t\t\t\t\t\t<h3 class=\"sina-flipbox-title\">\r\n\t\t\t\t\t\t\t\t\t\t\t\t\t\t\tSporty Functionality Meets Corporate Clothing\t\t\t\t\t\t\t\t\t\t\t\t\t<\/h3>\r\n\t\t\t\t\t\r\n\t\t\t\t\t\t\t\t\t\t\t<div class=\"sina-flipbox-desc\">We believe that sporty functional clothings are about developing clothing that is both comfortable and functional, enabling employees to perform their responsibilities safely and efficiently.<\/div>\t\t\t\t\t\t\t\t\t<\/div>\r\n\t\t\t<\/div>\r\n\t\t<\/div><!-- .sina-flipbox -->\r\n\t\t\t\t\t\t<\/div>\n\t\t\t\t<\/div>\n\t\t\t\t<\/a>\n\t\t\t\t<\/div>\n\t\t\t\t<\/div>\n\t\t<div class=\"elementor-element elementor-element-e084df4 e-con-full e-flex e-con e-parent\" data-id=\"e084df4\" data-element_type=\"container\" data-e-type=\"container\">\n\t\t<div class=\"elementor-element elementor-element-8bcebdf e-con-full e-flex e-con e-child\" data-id=\"8bcebdf\" data-element_type=\"container\" data-e-type=\"container\">\n\t\t<a class=\"elementor-element elementor-element-5b82886 e-con-full e-flex e-con e-child\" data-id=\"5b82886\" data-element_type=\"container\" data-e-type=\"container\" data-settings=\"{&quot;background_background&quot;:&quot;classic&quot;}\" href=\"https:\/\/cqcorporatefashion.ch\/en\/hotel-corporate-fashion\/\">\n\t\t\t\t<div class=\"elementor-element elementor-element-1c97f59 elementor-invisible elementor-widget elementor-widget-sina_flip_box\" data-id=\"1c97f59\" data-element_type=\"widget\" data-e-type=\"widget\" data-settings=\"{&quot;_animation&quot;:&quot;fadeInLeft&quot;}\" data-widget_type=\"sina_flip_box.default\">\n\t\t\t\t<div class=\"elementor-widget-container\">\n\t\t\t\t\t\t\t<div class=\"sina-flipbox\">\r\n\t\t\t<div class=\"sina-flipbox-front sina-flipbox-effect-zoom\">\r\n\t\t\t\t\t\t\t\t\t<div class=\"sina-flipbox-icon\">\r\n\t\t\t\t\t\t<i class=\"icofont icofont-search-1\"><\/i>\r\n\t\t\t\t\t<\/div>\r\n\t\t\t\t\r\n\t\t\t\t<div class=\"sina-flipbox-content\">\r\n\t\t\t\t\t\r\n\t\t\t\t\t\t\t\t\t<\/div>\r\n\t\t\t<\/div>\r\n\t\t\t<div class=\"sina-flipbox-back sina-flipbox-effect-zoom\">\r\n\t\t\t\t\t\t\t\t\t<div class=\"sina-flipbox-icon\">\r\n\t\t\t\t\t\t<i class=\"fa fa-plus\"><\/i>\r\n\t\t\t\t\t<\/div>\r\n\t\t\t\t\r\n\t\t\t\t<div class=\"sina-flipbox-content\">\r\n\t\t\t\t\t\t\t\t\t\t\t<h3 class=\"sina-flipbox-title\">\r\n\t\t\t\t\t\t\t\t\t\t\t\t\t\t\tCreate a Lasting Impression With Luxurious Hotel Staff Uniforms\t\t\t\t\t\t\t\t\t\t\t\t\t<\/h3>\r\n\t\t\t\t\t\r\n\t\t\t\t\t\t\t\t\t\t\t<div class=\"sina-flipbox-desc\">We understand that hotel staff uniforms are an important part of the overall guest experience. They play a role in creating a first impression, projecting a professional image, and helping guests to identify and interact with staff<\/div>\t\t\t\t\t\t\t\t\t<\/div>\r\n\t\t\t<\/div>\r\n\t\t<\/div><!-- .sina-flipbox -->\r\n\t\t\t\t\t\t<\/div>\n\t\t\t\t<\/div>\n\t\t\t\t<\/a>\n\t\t<a class=\"elementor-element elementor-element-25218ac e-con-full e-flex elementor-invisible e-con e-child\" data-id=\"25218ac\" data-element_type=\"container\" data-e-type=\"container\" data-settings=\"{&quot;background_background&quot;:&quot;classic&quot;,&quot;animation&quot;:&quot;fadeInRight&quot;,&quot;animation_delay&quot;:500}\" href=\"https:\/\/cqcorporatefashion.ch\/en\/gastro-corporate-fashion\/\">\n\t\t\t\t<div class=\"elementor-element elementor-element-e71e8db elementor-widget elementor-widget-sina_flip_box\" data-id=\"e71e8db\" data-element_type=\"widget\" data-e-type=\"widget\" data-widget_type=\"sina_flip_box.default\">\n\t\t\t\t<div class=\"elementor-widget-container\">\n\t\t\t\t\t\t\t<div class=\"sina-flipbox\">\r\n\t\t\t<div class=\"sina-flipbox-front sina-flipbox-effect-zoom\">\r\n\t\t\t\t\t\t\t\t\t<div class=\"sina-flipbox-icon\">\r\n\t\t\t\t\t\t<i class=\"icofont icofont-search-1\"><\/i>\r\n\t\t\t\t\t<\/div>\r\n\t\t\t\t\r\n\t\t\t\t<div class=\"sina-flipbox-content\">\r\n\t\t\t\t\t\r\n\t\t\t\t\t\t\t\t\t<\/div>\r\n\t\t\t<\/div>\r\n\t\t\t<div class=\"sina-flipbox-back sina-flipbox-effect-zoom\">\r\n\t\t\t\t\t\t\t\t\t<div class=\"sina-flipbox-icon\">\r\n\t\t\t\t\t\t<i class=\"fa fa-plus\"><\/i>\r\n\t\t\t\t\t<\/div>\r\n\t\t\t\t\r\n\t\t\t\t<div class=\"sina-flipbox-content\">\r\n\t\t\t\t\t\t\t\t\t\t\t<h3 class=\"sina-flipbox-title\">\r\n\t\t\t\t\t\t\t\t\t\t\t\t\t\t\tUnveiling gastro-chic: personalized clothing solutions for restaurant teams \t\t\t\t\t\t\t\t\t\t\t\t\t<\/h3>\r\n\t\t\t\t\t\r\n\t\t\t\t\t\t\t\t\t\t\t<div class=\"sina-flipbox-desc\">We understand the importance of great gastronomy uniforms because they play a crucial role in shaping the overall dining experience for guests. Well-designed uniforms can enhance brand identity<\/div>\t\t\t\t\t\t\t\t\t<\/div>\r\n\t\t\t<\/div>\r\n\t\t<\/div><!-- .sina-flipbox -->\r\n\t\t\t\t\t\t<\/div>\n\t\t\t\t<\/div>\n\t\t\t\t<\/a>\n\t\t\t\t<\/div>\n\t\t\t\t<\/div>\n\t\t<div class=\"elementor-element elementor-element-e6aaa71 e-con-full e-flex e-con e-parent\" data-id=\"e6aaa71\" data-element_type=\"container\" data-e-type=\"container\">\n\t\t<div class=\"elementor-element elementor-element-cb92ab3 e-con-full e-flex e-con e-child\" data-id=\"cb92ab3\" data-element_type=\"container\" data-e-type=\"container\">\n\t\t<a class=\"elementor-element elementor-element-2b7c300 e-con-full e-flex e-con e-child\" data-id=\"2b7c300\" data-element_type=\"container\" data-e-type=\"container\" data-settings=\"{&quot;background_background&quot;:&quot;classic&quot;}\" href=\"https:\/\/cqcorporatefashion.ch\/en\/medical-corporate-fashion\/\">\n\t\t\t\t<div class=\"elementor-element elementor-element-962ac0e elementor-widget elementor-widget-sina_flip_box\" data-id=\"962ac0e\" data-element_type=\"widget\" data-e-type=\"widget\" data-widget_type=\"sina_flip_box.default\">\n\t\t\t\t<div class=\"elementor-widget-container\">\n\t\t\t\t\t\t\t<div class=\"sina-flipbox\">\r\n\t\t\t<div class=\"sina-flipbox-front sina-flipbox-effect-zoom\">\r\n\t\t\t\t\t\t\t\t\t<div class=\"sina-flipbox-icon\">\r\n\t\t\t\t\t\t<i class=\"icofont icofont-search-1\"><\/i>\r\n\t\t\t\t\t<\/div>\r\n\t\t\t\t\r\n\t\t\t\t<div class=\"sina-flipbox-content\">\r\n\t\t\t\t\t\r\n\t\t\t\t\t\t\t\t\t<\/div>\r\n\t\t\t<\/div>\r\n\t\t\t<div class=\"sina-flipbox-back sina-flipbox-effect-zoom\">\r\n\t\t\t\t\t\t\t\t\t<div class=\"sina-flipbox-icon\">\r\n\t\t\t\t\t\t<i class=\"fa fa-plus\"><\/i>\r\n\t\t\t\t\t<\/div>\r\n\t\t\t\t\r\n\t\t\t\t<div class=\"sina-flipbox-content\">\r\n\t\t\t\t\t\t\t\t\t\t\t<h3 class=\"sina-flipbox-title\">\r\n\t\t\t\t\t\t\t\t\t\t\t\t\t\t\tPrivate Hospital Staff Mass-Customized Clothing Crafted Respecting Medical Regulations\t\t\t\t\t\t\t\t\t\t\t\t\t<\/h3>\r\n\t\t\t\t\t\r\n\t\t\t\t\t\t\t\t\t\t\t<div class=\"sina-flipbox-desc\">We recognize that uniforms play a crucial role in patient care, safety, and professionalism. Hospital staff, such as doctors, nurses, need workwear that is comfortable to perform their jobs effectively<\/div>\t\t\t\t\t\t\t\t\t<\/div>\r\n\t\t\t<\/div>\r\n\t\t<\/div><!-- .sina-flipbox -->\r\n\t\t\t\t\t\t<\/div>\n\t\t\t\t<\/div>\n\t\t\t\t<\/a>\n\t\t<a class=\"elementor-element elementor-element-eb676ca e-con-full e-flex e-con e-child\" data-id=\"eb676ca\" data-element_type=\"container\" data-e-type=\"container\" data-settings=\"{&quot;background_background&quot;:&quot;classic&quot;}\" href=\"https:\/\/cqcorporatefashion.ch\/en\/event-corporate-fashion\/\">\n\t\t\t\t<div class=\"elementor-element elementor-element-d522615 elementor-widget elementor-widget-sina_flip_box\" data-id=\"d522615\" data-element_type=\"widget\" data-e-type=\"widget\" data-widget_type=\"sina_flip_box.default\">\n\t\t\t\t<div class=\"elementor-widget-container\">\n\t\t\t\t\t\t\t<div class=\"sina-flipbox\">\r\n\t\t\t<div class=\"sina-flipbox-front sina-flipbox-effect-zoom\">\r\n\t\t\t\t\t\t\t\t\t<div class=\"sina-flipbox-icon\">\r\n\t\t\t\t\t\t<i class=\"icofont icofont-search-1\"><\/i>\r\n\t\t\t\t\t<\/div>\r\n\t\t\t\t\r\n\t\t\t\t<div class=\"sina-flipbox-content\">\r\n\t\t\t\t\t\r\n\t\t\t\t\t\t\t\t\t<\/div>\r\n\t\t\t<\/div>\r\n\t\t\t<div class=\"sina-flipbox-back sina-flipbox-effect-zoom\">\r\n\t\t\t\t\t\t\t\t\t<div class=\"sina-flipbox-icon\">\r\n\t\t\t\t\t\t<i class=\"fa fa-plus\"><\/i>\r\n\t\t\t\t\t<\/div>\r\n\t\t\t\t\r\n\t\t\t\t<div class=\"sina-flipbox-content\">\r\n\t\t\t\t\t\t\t\t\t\t\t<h3 class=\"sina-flipbox-title\">\r\n\t\t\t\t\t\t\t\t\t\t\t\t\t\t\tSet your events apart with our mass-customized uniform for hostesses\t\t\t\t\t\t\t\t\t\t\t\t\t<\/h3>\r\n\t\t\t\t\t\r\n\t\t\t\t\t\t\t\t\t\t\t<div class=\"sina-flipbox-desc\">We understand the power of a well-chosen hostess uniform to elevate your event and create a lasting and memorable impression<\/div>\t\t\t\t\t\t\t\t\t<\/div>\r\n\t\t\t<\/div>\r\n\t\t<\/div><!-- .sina-flipbox -->\r\n\t\t\t\t\t\t<\/div>\n\t\t\t\t<\/div>\n\t\t\t\t<\/a>\n\t\t\t\t<\/div>\n\t\t\t\t<\/div>\n\t\t\t\t<\/div>","protected":false},"excerpt":{"rendered":"<p>Steigern Sie das Image Ihres Unternehmens mit ma\u00dfgeschneiderter Unternehmenskleidung Wir verstehen, dass Businesskleidung \u00fcber den blossen Schein hinausgeht; Es geht darum, ein zusammenh\u00e4ngendes und kraftvolles Image zu schaffen, das die einzigartige Identit\u00e4t Ihres Unternehmens widerspiegelt. Sportliche Funktionalit\u00e4t trifft auf Corporate Clothing Wir glauben, dass es bei sportlicher Funktionskleidung darum geht, eine Bekleidung zu entwickeln, die [&hellip;]<\/p>\n","protected":false},"author":1,"featured_media":0,"parent":0,"menu_order":0,"comment_status":"closed","ping_status":"closed","template":"elementor_header_footer","meta":{"footnotes":""},"class_list":["post-1405","page","type-page","status-publish","hentry"],"blocksy_meta":[],"yoast_head":"<!-- This site is optimized with the Yoast SEO plugin v27.2 - https:\/\/yoast.com\/product\/yoast-seo-wordpress\/ -->\n<title>Case studies: so kleidet man mitarbeiter richtig<\/title>\n<meta name=\"description\" content=\"Tailored uniforms for every need! Explore CQ Corporate Clothing portfolio of hotel, sports, restaurant, and medical workwear case studies\" \/>\n<meta name=\"robots\" content=\"index, follow, max-snippet:-1, max-image-preview:large, max-video-preview:-1\" \/>\n<link rel=\"canonical\" href=\"https:\/\/cqcorporatefashion.ch\/en\/references\/\" \/>\n<meta property=\"og:locale\" content=\"en_US\" \/>\n<meta property=\"og:type\" content=\"article\" \/>\n<meta property=\"og:title\" content=\"Case studies: so kleidet man mitarbeiter richtig\" \/>\n<meta property=\"og:description\" content=\"Tailored uniforms for every need! Explore CQ Corporate Clothing portfolio of hotel, sports, restaurant, and medical workwear case studies\" \/>\n<meta property=\"og:url\" content=\"https:\/\/cqcorporatefashion.ch\/en\/references\/\" \/>\n<meta property=\"og:site_name\" content=\"CQ Corporate Fashion GmbH | Sophie Chiquet\" \/>\n<meta property=\"article:modified_time\" content=\"2024-07-12T08:59:31+00:00\" \/>\n<meta name=\"twitter:card\" content=\"summary_large_image\" \/>\n<meta name=\"twitter:label1\" content=\"Est. reading time\" \/>\n\t<meta name=\"twitter:data1\" content=\"2 minutes\" \/>\n<script type=\"application\/ld+json\" class=\"yoast-schema-graph\">{\"@context\":\"https:\/\/schema.org\",\"@graph\":[{\"@type\":\"WebPage\",\"@id\":\"https:\/\/cqcorporatefashion.ch\/references\/\",\"url\":\"https:\/\/cqcorporatefashion.ch\/references\/\",\"name\":\"Case studies: so kleidet man mitarbeiter richtig\",\"isPartOf\":{\"@id\":\"https:\/\/cqcorporatefashion.ch\/#website\"},\"datePublished\":\"2023-10-27T23:28:49+00:00\",\"dateModified\":\"2024-07-12T08:59:31+00:00\",\"description\":\"Tailored uniforms for every need! Explore CQ Corporate Clothing portfolio of hotel, sports, restaurant, and medical workwear case studies\",\"breadcrumb\":{\"@id\":\"https:\/\/cqcorporatefashion.ch\/references\/#breadcrumb\"},\"inLanguage\":\"en-US\",\"potentialAction\":[{\"@type\":\"ReadAction\",\"target\":[\"https:\/\/cqcorporatefashion.ch\/references\/\"]}]},{\"@type\":\"BreadcrumbList\",\"@id\":\"https:\/\/cqcorporatefashion.ch\/references\/#breadcrumb\",\"itemListElement\":[{\"@type\":\"ListItem\",\"position\":1,\"name\":\"Home\",\"item\":\"https:\/\/cqcorporatefashion.ch\/\"},{\"@type\":\"ListItem\",\"position\":2,\"name\":\"References\"}]},{\"@type\":\"WebSite\",\"@id\":\"https:\/\/cqcorporatefashion.ch\/#website\",\"url\":\"https:\/\/cqcorporatefashion.ch\/\",\"name\":\"CQ Corporate Fashion GmbH | Sophie Chiquet\",\"description\":\"Corporate Fashion | Uniforms | Imagewear | Workware\",\"publisher\":{\"@id\":\"https:\/\/cqcorporatefashion.ch\/#organization\"},\"potentialAction\":[{\"@type\":\"SearchAction\",\"target\":{\"@type\":\"EntryPoint\",\"urlTemplate\":\"https:\/\/cqcorporatefashion.ch\/?s={search_term_string}\"},\"query-input\":{\"@type\":\"PropertyValueSpecification\",\"valueRequired\":true,\"valueName\":\"search_term_string\"}}],\"inLanguage\":\"en-US\"},{\"@type\":\"Organization\",\"@id\":\"https:\/\/cqcorporatefashion.ch\/#organization\",\"name\":\"CQ Corporate Fashion GmbH | Sophie Chiquet\",\"url\":\"https:\/\/cqcorporatefashion.ch\/\",\"logo\":{\"@type\":\"ImageObject\",\"inLanguage\":\"en-US\",\"@id\":\"https:\/\/cqcorporatefashion.ch\/#\/schema\/logo\/image\/\",\"url\":\"https:\/\/cqcorporatefashion.ch\/wp-content\/uploads\/2024\/01\/logo-new-1-1.png\",\"contentUrl\":\"https:\/\/cqcorporatefashion.ch\/wp-content\/uploads\/2024\/01\/logo-new-1-1.png\",\"width\":534,\"height\":183,\"caption\":\"CQ Corporate Fashion GmbH | Sophie Chiquet\"},\"image\":{\"@id\":\"https:\/\/cqcorporatefashion.ch\/#\/schema\/logo\/image\/\"}}]}<\/script>\n<!-- \/ Yoast SEO plugin. -->","yoast_head_json":{"title":"Case studies: so kleidet man mitarbeiter richtig","description":"Tailored uniforms for every need! Explore CQ Corporate Clothing portfolio of hotel, sports, restaurant, and medical workwear case studies","robots":{"index":"index","follow":"follow","max-snippet":"max-snippet:-1","max-image-preview":"max-image-preview:large","max-video-preview":"max-video-preview:-1"},"canonical":"https:\/\/cqcorporatefashion.ch\/en\/references\/","og_locale":"en_US","og_type":"article","og_title":"Case studies: so kleidet man mitarbeiter richtig","og_description":"Tailored uniforms for every need! Explore CQ Corporate Clothing portfolio of hotel, sports, restaurant, and medical workwear case studies","og_url":"https:\/\/cqcorporatefashion.ch\/en\/references\/","og_site_name":"CQ Corporate Fashion GmbH | Sophie Chiquet","article_modified_time":"2024-07-12T08:59:31+00:00","twitter_card":"summary_large_image","twitter_misc":{"Est. reading time":"2 minutes"},"schema":{"@context":"https:\/\/schema.org","@graph":[{"@type":"WebPage","@id":"https:\/\/cqcorporatefashion.ch\/references\/","url":"https:\/\/cqcorporatefashion.ch\/references\/","name":"Case studies: so kleidet man mitarbeiter richtig","isPartOf":{"@id":"https:\/\/cqcorporatefashion.ch\/#website"},"datePublished":"2023-10-27T23:28:49+00:00","dateModified":"2024-07-12T08:59:31+00:00","description":"Tailored uniforms for every need! Explore CQ Corporate Clothing portfolio of hotel, sports, restaurant, and medical workwear case studies","breadcrumb":{"@id":"https:\/\/cqcorporatefashion.ch\/references\/#breadcrumb"},"inLanguage":"en-US","potentialAction":[{"@type":"ReadAction","target":["https:\/\/cqcorporatefashion.ch\/references\/"]}]},{"@type":"BreadcrumbList","@id":"https:\/\/cqcorporatefashion.ch\/references\/#breadcrumb","itemListElement":[{"@type":"ListItem","position":1,"name":"Home","item":"https:\/\/cqcorporatefashion.ch\/"},{"@type":"ListItem","position":2,"name":"References"}]},{"@type":"WebSite","@id":"https:\/\/cqcorporatefashion.ch\/#website","url":"https:\/\/cqcorporatefashion.ch\/","name":"CQ Corporate Fashion GmbH | Sophie Chiquet","description":"Corporate Fashion | Uniforms | Imagewear | Workware","publisher":{"@id":"https:\/\/cqcorporatefashion.ch\/#organization"},"potentialAction":[{"@type":"SearchAction","target":{"@type":"EntryPoint","urlTemplate":"https:\/\/cqcorporatefashion.ch\/?s={search_term_string}"},"query-input":{"@type":"PropertyValueSpecification","valueRequired":true,"valueName":"search_term_string"}}],"inLanguage":"en-US"},{"@type":"Organization","@id":"https:\/\/cqcorporatefashion.ch\/#organization","name":"CQ Corporate Fashion GmbH | Sophie Chiquet","url":"https:\/\/cqcorporatefashion.ch\/","logo":{"@type":"ImageObject","inLanguage":"en-US","@id":"https:\/\/cqcorporatefashion.ch\/#\/schema\/logo\/image\/","url":"https:\/\/cqcorporatefashion.ch\/wp-content\/uploads\/2024\/01\/logo-new-1-1.png","contentUrl":"https:\/\/cqcorporatefashion.ch\/wp-content\/uploads\/2024\/01\/logo-new-1-1.png","width":534,"height":183,"caption":"CQ Corporate Fashion GmbH | Sophie Chiquet"},"image":{"@id":"https:\/\/cqcorporatefashion.ch\/#\/schema\/logo\/image\/"}}]}},"_links":{"self":[{"href":"https:\/\/cqcorporatefashion.ch\/en\/wp-json\/wp\/v2\/pages\/1405","targetHints":{"allow":["GET"]}}],"collection":[{"href":"https:\/\/cqcorporatefashion.ch\/en\/wp-json\/wp\/v2\/pages"}],"about":[{"href":"https:\/\/cqcorporatefashion.ch\/en\/wp-json\/wp\/v2\/types\/page"}],"author":[{"embeddable":true,"href":"https:\/\/cqcorporatefashion.ch\/en\/wp-json\/wp\/v2\/users\/1"}],"replies":[{"embeddable":true,"href":"https:\/\/cqcorporatefashion.ch\/en\/wp-json\/wp\/v2\/comments?post=1405"}],"version-history":[{"count":97,"href":"https:\/\/cqcorporatefashion.ch\/en\/wp-json\/wp\/v2\/pages\/1405\/revisions"}],"predecessor-version":[{"id":10566,"href":"https:\/\/cqcorporatefashion.ch\/en\/wp-json\/wp\/v2\/pages\/1405\/revisions\/10566"}],"wp:attachment":[{"href":"https:\/\/cqcorporatefashion.ch\/en\/wp-json\/wp\/v2\/media?parent=1405"}],"curies":[{"name":"wp","href":"https:\/\/api.w.org\/{rel}","templated":true}]}}